{"id":15782,"date":"2016-01-25T02:13:51","date_gmt":"2016-01-25T02:13:51","guid":{"rendered":"http:\/\/bridgeshoot.com\/?page_id=15782"},"modified":"2018-01-30T09:45:04","modified_gmt":"2018-01-30T07:45:04","slug":"cose-bridgeshoot","status":"publish","type":"page","link":"https:\/\/www.bridgeshoot.com\/it\/cose-bridgeshoot\/","title":{"rendered":"COS\u2019\u00c8 BRIDGESHOOT"},"content":{"rendered":"<p>[vc_row css_animation=&#8221;&#8221; row_type=&#8221;row&#8221; use_row_as_full_screen_section=&#8221;no&#8221; type=&#8221;full_width&#8221; angled_section=&#8221;no&#8221; text_align=&#8221;left&#8221; background_image_as_pattern=&#8221;without_pattern&#8221;][vc_column][vc_empty_space height=&#8221;60px&#8221;][\/vc_column][\/vc_row][vc_row css_animation=&#8221;&#8221; row_type=&#8221;row&#8221; use_row_as_full_screen_section=&#8221;no&#8221; type=&#8221;grid&#8221; angled_section=&#8221;no&#8221; text_align=&#8221;left&#8221; background_image_as_pattern=&#8221;without_pattern&#8221;][vc_column width=&#8221;1\/2&#8243;][vc_single_image image=&#8221;15970&#8243; img_size=&#8221;full&#8221; qode_css_animation=&#8221;&#8221;][\/vc_column][vc_column width=&#8221;1\/2&#8243;][vc_column_text]<\/p>\n<h2>Cos\u2019\u00e8 BridgeShoot?<\/h2>\n<p>[\/vc_column_text][vc_empty_space height=&#8221;30px&#8221;][vc_column_text]BridgeShoot \u00e8 una bindella universale realizzata in un materiale ultra leggero e ultra resistente, l\u2019ergal. Una volta montata sul tuo fucile, ti permette di <strong>visualizzare il bersaglio con maggiore facilit\u00e0<\/strong> e di seguirne la traiettoria con uno spostamento minore e in modo pi\u00f9 intuitivo.<\/p>\n<p>&nbsp;<\/p>\n<p><strong>IMPORTANTE: tutto questo lo otterrai senza cambiare le tue abitudini di tiro. Il tuo occhio si adatter\u00e0 all\u2019istante.<\/strong><\/p>\n<p>&nbsp;<\/p>\n<p>A seconda dell\u2019altezza e della regolazione basculante, BridgeShoot ti consente di <strong>ridurre il movimento della corsa della canna<\/strong> nell\u2019inseguire la traiettoria del piattello, ottenendo di fatto un <strong>effetto di anticipo sul piattello stesso e maggior tempo per esplodere il colpo.<\/strong>[\/vc_column_text][\/vc_column][\/vc_row][vc_row css_animation=&#8221;&#8221; row_type=&#8221;row&#8221; use_row_as_full_screen_section=&#8221;no&#8221; type=&#8221;full_width&#8221; angled_section=&#8221;no&#8221; text_align=&#8221;left&#8221; background_image_as_pattern=&#8221;without_pattern&#8221;][vc_column][vc_empty_space height=&#8221;80px&#8221;][\/vc_column][\/vc_row][vc_row css_animation=&#8221;&#8221; row_type=&#8221;row&#8221; use_row_as_full_screen_section=&#8221;no&#8221; type=&#8221;full_width&#8221; angled_section=&#8221;no&#8221; text_align=&#8221;left&#8221; background_image_as_pattern=&#8221;without_pattern&#8221; css=&#8221;.vc_custom_1454594203009{background-color: #f2f2f2 !important;}&#8221;][vc_column][vc_empty_space height=&#8221;50px&#8221;]<div class=\"custom_font_holder\" style=\"font-family: Lato; font-size: 36px; font-style: normal; font-weight: 900; text-decoration: none; text-align: center;\">Quali sono i vantaggi di utilizzo?<\/div>[vc_empty_space height=&#8221;30px&#8221;][vc_column_text]<\/p>\n<h2 style=\"text-align: center;\">Rompere il piattello \u00e8 un atto molto difficile, ma con BridgeShoot \u00e8 anche una vera goduria!<\/h2>\n<p>[\/vc_column_text][vc_empty_space height=&#8221;50px&#8221;][vc_row_inner row_type=&#8221;row&#8221; type=&#8221;grid&#8221; text_align=&#8221;left&#8221; css_animation=&#8221;&#8221;][vc_column_inner width=&#8221;1\/3&#8243;][vc_single_image image=&#8221;18000&#8243; img_size=&#8221;full&#8221; alignment=&#8221;center&#8221; qode_css_animation=&#8221;&#8221;][vc_empty_space height=&#8221;20px&#8221;][vc_column_text]<\/p>\n<h3 style=\"text-align: center;\">Elevato standard di precisione<\/h3>\n<p>[\/vc_column_text][vc_empty_space height=&#8221;20px&#8221;][vc_column_text]<\/p>\n<p style=\"text-align: center;\">La testa assume e mantiene una posizione naturale durante la presa della mira e l\u2019esplosione del colpo, innalzando incredibilmente il tasso di precisione del tiro<\/p>\n<p>[\/vc_column_text][\/vc_column_inner][vc_column_inner width=&#8221;1\/3&#8243;][vc_single_image image=&#8221;18006&#8243; img_size=&#8221;full&#8221; alignment=&#8221;center&#8221; qode_css_animation=&#8221;&#8221;][vc_empty_space height=&#8221;20px&#8221;][vc_column_text]<\/p>\n<h3 style=\"text-align: center;\">Risultati migliori da subito<\/h3>\n<p>[\/vc_column_text][vc_empty_space height=&#8221;20px&#8221;][vc_column_text]<\/p>\n<p style=\"text-align: center;\">La bindella BridgeShoot, montata sul tuo fidato fucile, ti permette di visualizzare il bersaglio con maggiore facilit\u00e0 e di seguirne la traiettoria con uno spostamento infinitesimale<\/p>\n<p>[\/vc_column_text][\/vc_column_inner][vc_column_inner width=&#8221;1\/3&#8243;][vc_single_image image=&#8221;15983&#8243; img_size=&#8221;full&#8221; alignment=&#8221;center&#8221; qode_css_animation=&#8221;&#8221;][vc_empty_space height=&#8221;20px&#8221;][vc_column_text]<\/p>\n<h3 style=\"text-align: center;\">Riduce al minimo insicurezze<\/h3>\n<p>[\/vc_column_text][vc_empty_space height=&#8221;20px&#8221;][vc_column_text]<\/p>\n<p style=\"text-align: center;\">BridgeShoot riduce al minimo l\u2019ansia da prestazione: l\u2019occhio rimane vigile fino al 25\u00b0 piattello perch\u00e9 meno affaticato, e ti permette di regolare anticipo e posticipo della traiettoria<\/p>\n<p>[\/vc_column_text][\/vc_column_inner][\/vc_row_inner][vc_empty_space height=&#8221;60px&#8221;][vc_row_inner row_type=&#8221;row&#8221; type=&#8221;grid&#8221; text_align=&#8221;left&#8221; css_animation=&#8221;&#8221;][vc_column_inner width=&#8221;1\/3&#8243;][vc_single_image image=&#8221;15984&#8243; img_size=&#8221;full&#8221; alignment=&#8221;center&#8221; qode_css_animation=&#8221;&#8221;][vc_empty_space height=&#8221;20px&#8221;][vc_column_text]<\/p>\n<h3 style=\"text-align: center;\">Centri perfetti garantiti<\/h3>\n<p>[\/vc_column_text][vc_empty_space height=&#8221;20px&#8221;][vc_column_text]<\/p>\n<p style=\"text-align: center;\">Centri perfetti anche dopo il 23\u00b0 piattello. BridgeShoot ti permette una visuale pi\u00f9 ampia, dove il viso non \u00e8 schiacciato sul calcio ed \u00e8 libero dall\u2019ombra del fucile proiettata sull\u2019occhio ad ingannare la visuale del piattello.<\/p>\n<p>[\/vc_column_text][\/vc_column_inner][vc_column_inner width=&#8221;1\/3&#8243;][vc_single_image image=&#8221;15986&#8243; img_size=&#8221;full&#8221; alignment=&#8221;center&#8221; qode_css_animation=&#8221;&#8221;][vc_empty_space height=&#8221;20px&#8221;][vc_column_text]<\/p>\n<h3 style=\"text-align: center;\">Leggerissima e facile da montare<\/h3>\n<p>[\/vc_column_text][vc_empty_space height=&#8221;20px&#8221;][vc_column_text]<\/p>\n<p style=\"text-align: center;\">Quando terrai in mano la tua bindella BridgeShoot, ti stupirai di quanto \u00e8 leggera ed elegante, e di come \u00e8 facile e veloce montarla sul fucile<\/p>\n<p>[\/vc_column_text][\/vc_column_inner][vc_column_inner width=&#8221;1\/3&#8243;][vc_single_image image=&#8221;15987&#8243; img_size=&#8221;full&#8221; alignment=&#8221;center&#8221; qode_css_animation=&#8221;&#8221;][vc_empty_space height=&#8221;20px&#8221;][vc_column_text]<\/p>\n<h3 style=\"text-align: center;\">Un nuovo fucile\u2026 senza sostituire il tuo fucile!<\/h3>\n<p>[\/vc_column_text][vc_empty_space height=&#8221;20px&#8221;][vc_column_text]<\/p>\n<p style=\"text-align: center;\">Utilizzare una bindella BridgeShoot sar\u00e0 come provare un nuovo fucile senza rinunciare al proprio e soprattutto senza spendere una cifra folle<\/p>\n<p>[\/vc_column_text][\/vc_column_inner][\/vc_row_inner][vc_empty_space height=&#8221;60px&#8221;][\/vc_column][\/vc_row][vc_row css_animation=&#8221;&#8221; row_type=&#8221;row&#8221; use_row_as_full_screen_section=&#8221;no&#8221; type=&#8221;full_width&#8221; angled_section=&#8221;no&#8221; text_align=&#8221;left&#8221; background_image_as_pattern=&#8221;without_pattern&#8221;][vc_column][vc_empty_space height=&#8221;80px&#8221;][\/vc_column][\/vc_row][vc_row css_animation=&#8221;&#8221; row_type=&#8221;row&#8221; use_row_as_full_screen_section=&#8221;no&#8221; type=&#8221;grid&#8221; angled_section=&#8221;no&#8221; text_align=&#8221;left&#8221; background_image_as_pattern=&#8221;without_pattern&#8221;][vc_column width=&#8221;1\/2&#8243;][vc_column_text]<\/p>\n<h2>Come funziona?<\/h2>\n<p>[\/vc_column_text][vc_empty_space height=&#8221;30px&#8221;][vc_column_text]Il motivo di questo vantaggio va ricercato in una <strong>spiegazione di tipo medico<\/strong>: quando siamo sulla pedana di tiro, pieghiamo il collo sul fucile per mirare. Questo movimento va ad occludere l\u2019aorta che porta il sangue agli occhi, cosicch\u00e8 <strong>verso la fine della gara l\u2019occhio comincia a perdere in prestazione<\/strong>, in quanto \u00e8 affaticato per l\u2019irrorazione insufficiente dell\u2019organo, che invece dovrebbe essere rilassato per rispondere prontamente. In aggiunta, in questa posizione il viso \u00e8 schiacciato sul calcio cos\u00ec da ritrovarsi l\u2019ombra del fucile proiettata sull\u2019occhio a ingannare la visuale del piattello.<\/p>\n<p>&nbsp;<\/p>\n<p>In sostanza, c<strong>on BridgeShoot il viso non dovr\u00e0 pi\u00f9 essere compresso eccessivamente sul calcio del fucile<\/strong>, cosicch\u00e9 l\u2019occhio del tiratore sar\u00e0 sottoposto a minore sforzo e di conseguenza risulter\u00e0 <strong>meno affaticato, pi\u00f9 pronto<\/strong>.[\/vc_column_text][\/vc_column][vc_column width=&#8221;1\/2&#8243;][vc_single_image image=&#8221;18003&#8243; img_size=&#8221;full&#8221; qode_css_animation=&#8221;&#8221;][\/vc_column][\/vc_row][vc_row css_animation=&#8221;&#8221; row_type=&#8221;row&#8221; use_row_as_full_screen_section=&#8221;no&#8221; type=&#8221;full_width&#8221; angled_section=&#8221;no&#8221; text_align=&#8221;left&#8221; background_image_as_pattern=&#8221;without_pattern&#8221;][vc_column][vc_empty_space height=&#8221;100px&#8221;][\/vc_column][\/vc_row][vc_row css_animation=&#8221;&#8221; row_type=&#8221;row&#8221; use_row_as_full_screen_section=&#8221;no&#8221; type=&#8221;grid&#8221; angled_section=&#8221;no&#8221; text_align=&#8221;left&#8221; background_image_as_pattern=&#8221;without_pattern&#8221;][vc_column width=&#8221;1\/2&#8243;][vc_single_image image=&#8221;15994&#8243; img_size=&#8221;full&#8221; qode_css_animation=&#8221;&#8221;][\/vc_column][vc_column width=&#8221;1\/2&#8243;][vc_column_text]<\/p>\n<h2>In che materiale \u00e8 fatto BridgeShoot?<\/h2>\n<p>[\/vc_column_text][vc_empty_space height=&#8221;30px&#8221;][vc_column_text]Tutte le bindelle BridgeShoot sono realizzate in Ergal, una lega ultra resistente e ultra leggera utilizzata nell\u2019areonautica.<\/p>\n<p>&nbsp;<\/p>\n<p>Questo questo materiale ha un peso non molto differente dal carbonio, ma la rivoluzione sta nel modo in cui sono realizzate tecnicamente queste bindelle: le <strong>bindelle BridgeShoot<\/strong>, a differenza delle altre in carbonio, che hanno una forma pi\u00f9 riempita, <strong>sono completamente svuotate per ridurre il peso<\/strong>. E la differenza si sente subito.<\/p>\n<p>&nbsp;<\/p>\n<p>Le bindelle BridgeShoot sono realizzate tramite una <strong>lavorazione<\/strong> quasi completamente di erosione a filo, con <strong>macchine di alta precisione<\/strong>. I <strong>tasselli di fissaggio<\/strong> sono tutti costruiti con fresatrici a controllo numerico, <strong>precisi al centesimo.<\/strong><\/p>\n<p>&nbsp;<\/p>\n<p>L\u2019operazione di svuotamento \u00e8 un meticoloso e lento processo che permette di raggiungere <strong>profili con spigoli incredibilmente piccoli e sottili<\/strong>, che rendono le bindelle BridgeShoot esteticamente pi\u00f9 attraenti e molto pi\u00f9 robuste.[\/vc_column_text][\/vc_column][\/vc_row][vc_row css_animation=&#8221;&#8221; row_type=&#8221;row&#8221; use_row_as_full_screen_section=&#8221;no&#8221; type=&#8221;full_width&#8221; angled_section=&#8221;no&#8221; text_align=&#8221;left&#8221; background_image_as_pattern=&#8221;without_pattern&#8221;][vc_column][vc_empty_space height=&#8221;80px&#8221;][\/vc_column][\/vc_row][vc_row css_animation=&#8221;&#8221; row_type=&#8221;row&#8221; use_row_as_full_screen_section=&#8221;no&#8221; type=&#8221;full_width&#8221; angled_section=&#8221;no&#8221; text_align=&#8221;center&#8221; background_image=&#8221;18119&#8243; background_image_as_pattern=&#8221;without_pattern&#8221;][vc_column][vc_separator type=&#8221;transparent&#8221; up=&#8221;100&#8243; down=&#8221;0&#8243;]<div class=\"custom_font_holder\" style=\"font-family: Lato; font-size: 64px; line-height: 67px; font-style: normal; font-weight: 900; text-decoration: none; text-align: center;\"><span style=\"color: #ffffff;\">Vuoi migliorare subito le prestazioni del tuo fucile?<\/span><\/div>[vc_separator type=&#8221;transparent&#8221; up=&#8221;30&#8243; down=&#8221;0&#8243;][vc_column_text]<\/p>\n<h1 style=\"text-align: center;\"><span style=\"color: #ffffff;\">Scopri BridgeShoot, la bindella ultraleggera che ti permette di colpire il piattello con la massima precisione.<\/span><\/h1>\n<p>[\/vc_column_text][vc_separator type=&#8221;transparent&#8221; up=&#8221;50&#8243; down=&#8221;0&#8243;]<a  itemprop=\"url\" href=\"\/shop\/\" target=\"_self\"  class=\"qbutton  large default\" style=\"background-color: #dd3333;\">Scegli ora la bindella per il tuo fucile<\/a>[vc_separator type=&#8221;transparent&#8221; up=&#8221;100&#8243; down=&#8221;0&#8243;][\/vc_column][\/vc_row][vc_column width=&#8221;1\/3&#8243;][\/vc_column]<\/p>\n","protected":false},"excerpt":{"rendered":"<p>[vc_row css_animation=&#8221;&#8221; row_type=&#8221;row&#8221; use_row_as_full_screen_section=&#8221;no&#8221; type=&#8221;full_width&#8221; angled_section=&#8221;no&#8221; text_align=&#8221;left&#8221; background_image_as_pattern=&#8221;without_pattern&#8221;][vc_column][vc_empty_space height=&#8221;60px&#8221;][\/vc_column][\/vc_row][vc_row css_animation=&#8221;&#8221; row_type=&#8221;row&#8221; use_row_as_full_screen_section=&#8221;no&#8221; type=&#8221;grid&#8221; angled_section=&#8221;no&#8221; text_align=&#8221;left&#8221; background_image_as_pattern=&#8221;without_pattern&#8221;][vc_column width=&#8221;1\/2&#8243;][vc_single_image image=&#8221;15970&#8243; img_size=&#8221;full&#8221; qode_css_animation=&#8221;&#8221;][\/vc_column][vc_column width=&#8221;1\/2&#8243;][vc_column_text] Cos\u2019\u00e8 BridgeShoot? [\/vc_column_text][vc_empty_space height=&#8221;30px&#8221;][vc_column_text]BridgeShoot \u00e8 una bindella universale realizzata in un materiale ultra leggero e ultra resistente, l\u2019ergal. Una volta montata sul tuo fucile,&#8230;<\/p>\n","protected":false},"author":1,"featured_media":0,"parent":0,"menu_order":0,"comment_status":"closed","ping_status":"closed","template":"full_width.php","meta":{"_monsterinsights_skip_tracking":false,"_monsterinsights_sitenote_active":false,"_monsterinsights_sitenote_note":"","_monsterinsights_sitenote_category":0},"yoast_head":"<!-- This site is optimized with the Yoast SEO plugin v21.8.1 - https:\/\/yoast.com\/wordpress\/plugins\/seo\/ -->\n<title>Bindella universale per fucili da tiro | BridgeShoot<\/title>\n<meta name=\"description\" content=\"Bindella universale per fucili da tiro al volo:\u00a0BridgeShoot ti permette di colpire il piattello con la massima precisione. Scopri di pi\u00f9.\" \/>\n<meta name=\"robots\" content=\"index, follow, max-snippet:-1, max-image-preview:large, max-video-preview:-1\" \/>\n<link rel=\"canonical\" href=\"https:\/\/www.bridgeshoot.com\/it\/cose-bridgeshoot\/\" \/>\n<meta property=\"og:locale\" content=\"it_IT\" \/>\n<meta property=\"og:type\" content=\"article\" \/>\n<meta property=\"og:title\" content=\"Bindella universale per fucili da tiro | BridgeShoot\" \/>\n<meta property=\"og:description\" content=\"Bindella universale per fucili da tiro al volo:\u00a0BridgeShoot ti permette di colpire il piattello con la massima precisione. Scopri di pi\u00f9.\" \/>\n<meta property=\"og:url\" content=\"https:\/\/www.bridgeshoot.com\/it\/cose-bridgeshoot\/\" \/>\n<meta property=\"og:site_name\" content=\"BridgeShoot\" \/>\n<meta property=\"article:modified_time\" content=\"2018-01-30T07:45:04+00:00\" \/>\n<meta name=\"twitter:card\" content=\"summary_large_image\" \/>\n<meta name=\"twitter:label1\" content=\"Tempo di lettura stimato\" \/>\n\t<meta name=\"twitter:data1\" content=\"8 minuti\" \/>\n<script type=\"application\/ld+json\" class=\"yoast-schema-graph\">{\"@context\":\"https:\/\/schema.org\",\"@graph\":[{\"@type\":\"WebPage\",\"@id\":\"https:\/\/www.bridgeshoot.com\/it\/cose-bridgeshoot\/\",\"url\":\"https:\/\/www.bridgeshoot.com\/it\/cose-bridgeshoot\/\",\"name\":\"Bindella universale per fucili da tiro | BridgeShoot\",\"isPartOf\":{\"@id\":\"https:\/\/www.bridgeshoot.com\/#website\"},\"datePublished\":\"2016-01-25T02:13:51+00:00\",\"dateModified\":\"2018-01-30T07:45:04+00:00\",\"description\":\"Bindella universale per fucili da tiro al volo:\u00a0BridgeShoot ti permette di colpire il piattello con la massima precisione. Scopri di pi\u00f9.\",\"breadcrumb\":{\"@id\":\"https:\/\/www.bridgeshoot.com\/it\/cose-bridgeshoot\/#breadcrumb\"},\"inLanguage\":\"it-IT\",\"potentialAction\":[{\"@type\":\"ReadAction\",\"target\":[\"https:\/\/www.bridgeshoot.com\/it\/cose-bridgeshoot\/\"]}]},{\"@type\":\"BreadcrumbList\",\"@id\":\"https:\/\/www.bridgeshoot.com\/it\/cose-bridgeshoot\/#breadcrumb\",\"itemListElement\":[{\"@type\":\"ListItem\",\"position\":1,\"name\":\"Home\",\"item\":\"https:\/\/www.bridgeshoot.com\/it\/\"},{\"@type\":\"ListItem\",\"position\":2,\"name\":\"COS\u2019\u00c8 BRIDGESHOOT\"}]},{\"@type\":\"WebSite\",\"@id\":\"https:\/\/www.bridgeshoot.com\/#website\",\"url\":\"https:\/\/www.bridgeshoot.com\/\",\"name\":\"BridgeShoot\",\"description\":\"bridgeshoot\",\"potentialAction\":[{\"@type\":\"SearchAction\",\"target\":{\"@type\":\"EntryPoint\",\"urlTemplate\":\"https:\/\/www.bridgeshoot.com\/?s={search_term_string}\"},\"query-input\":\"required name=search_term_string\"}],\"inLanguage\":\"it-IT\"}]}<\/script>\n<!-- \/ Yoast SEO plugin. -->","yoast_head_json":{"title":"Bindella universale per fucili da tiro | BridgeShoot","description":"Bindella universale per fucili da tiro al volo:\u00a0BridgeShoot ti permette di colpire il piattello con la massima precisione. Scopri di pi\u00f9.","robots":{"index":"index","follow":"follow","max-snippet":"max-snippet:-1","max-image-preview":"max-image-preview:large","max-video-preview":"max-video-preview:-1"},"canonical":"https:\/\/www.bridgeshoot.com\/it\/cose-bridgeshoot\/","og_locale":"it_IT","og_type":"article","og_title":"Bindella universale per fucili da tiro | BridgeShoot","og_description":"Bindella universale per fucili da tiro al volo:\u00a0BridgeShoot ti permette di colpire il piattello con la massima precisione. Scopri di pi\u00f9.","og_url":"https:\/\/www.bridgeshoot.com\/it\/cose-bridgeshoot\/","og_site_name":"BridgeShoot","article_modified_time":"2018-01-30T07:45:04+00:00","twitter_card":"summary_large_image","twitter_misc":{"Tempo di lettura stimato":"8 minuti"},"schema":{"@context":"https:\/\/schema.org","@graph":[{"@type":"WebPage","@id":"https:\/\/www.bridgeshoot.com\/it\/cose-bridgeshoot\/","url":"https:\/\/www.bridgeshoot.com\/it\/cose-bridgeshoot\/","name":"Bindella universale per fucili da tiro | BridgeShoot","isPartOf":{"@id":"https:\/\/www.bridgeshoot.com\/#website"},"datePublished":"2016-01-25T02:13:51+00:00","dateModified":"2018-01-30T07:45:04+00:00","description":"Bindella universale per fucili da tiro al volo:\u00a0BridgeShoot ti permette di colpire il piattello con la massima precisione. Scopri di pi\u00f9.","breadcrumb":{"@id":"https:\/\/www.bridgeshoot.com\/it\/cose-bridgeshoot\/#breadcrumb"},"inLanguage":"it-IT","potentialAction":[{"@type":"ReadAction","target":["https:\/\/www.bridgeshoot.com\/it\/cose-bridgeshoot\/"]}]},{"@type":"BreadcrumbList","@id":"https:\/\/www.bridgeshoot.com\/it\/cose-bridgeshoot\/#breadcrumb","itemListElement":[{"@type":"ListItem","position":1,"name":"Home","item":"https:\/\/www.bridgeshoot.com\/it\/"},{"@type":"ListItem","position":2,"name":"COS\u2019\u00c8 BRIDGESHOOT"}]},{"@type":"WebSite","@id":"https:\/\/www.bridgeshoot.com\/#website","url":"https:\/\/www.bridgeshoot.com\/","name":"BridgeShoot","description":"bridgeshoot","potentialAction":[{"@type":"SearchAction","target":{"@type":"EntryPoint","urlTemplate":"https:\/\/www.bridgeshoot.com\/?s={search_term_string}"},"query-input":"required name=search_term_string"}],"inLanguage":"it-IT"}]}},"_links":{"self":[{"href":"https:\/\/www.bridgeshoot.com\/it\/wp-json\/wp\/v2\/pages\/15782"}],"collection":[{"href":"https:\/\/www.bridgeshoot.com\/it\/wp-json\/wp\/v2\/pages"}],"about":[{"href":"https:\/\/www.bridgeshoot.com\/it\/wp-json\/wp\/v2\/types\/page"}],"author":[{"embeddable":true,"href":"https:\/\/www.bridgeshoot.com\/it\/wp-json\/wp\/v2\/users\/1"}],"replies":[{"embeddable":true,"href":"https:\/\/www.bridgeshoot.com\/it\/wp-json\/wp\/v2\/comments?post=15782"}],"version-history":[{"count":41,"href":"https:\/\/www.bridgeshoot.com\/it\/wp-json\/wp\/v2\/pages\/15782\/revisions"}],"predecessor-version":[{"id":18123,"href":"https:\/\/www.bridgeshoot.com\/it\/wp-json\/wp\/v2\/pages\/15782\/revisions\/18123"}],"wp:attachment":[{"href":"https:\/\/www.bridgeshoot.com\/it\/wp-json\/wp\/v2\/media?parent=15782"}],"curies":[{"name":"wp","href":"https:\/\/api.w.org\/{rel}","templated":true}]}}