{"id":15444,"date":"2014-07-03T13:52:05","date_gmt":"2014-07-03T13:52:05","guid":{"rendered":"http:\/\/demo.qodeinteractive.com\/bridge19\/?page_id=15444"},"modified":"2023-12-11T11:46:29","modified_gmt":"2023-12-11T10:46:29","slug":"chi-siamo","status":"publish","type":"page","link":"https:\/\/www.bridgeshoot.com\/it\/chi-siamo\/","title":{"rendered":"CHI SIAMO"},"content":{"rendered":"<p>[vc_row css_animation=&#8221;&#8221; row_type=&#8221;row&#8221; use_row_as_full_screen_section=&#8221;no&#8221; type=&#8221;full_width&#8221; angled_section=&#8221;no&#8221; text_align=&#8221;left&#8221; background_image_as_pattern=&#8221;without_pattern&#8221;][vc_column][vc_empty_space height=&#8221;50px&#8221;][vc_column_text]<\/p>\n<h2 style=\"text-align: center;\">BridgeShoot nasce dall\u2019intuizione di un appassionato di tiro al volo come te<\/h2>\n<p>[\/vc_column_text][\/vc_column][\/vc_row][vc_row css_animation=&#8221;&#8221; row_type=&#8221;row&#8221; use_row_as_full_screen_section=&#8221;no&#8221; type=&#8221;full_width&#8221; angled_section=&#8221;no&#8221; text_align=&#8221;left&#8221; background_image_as_pattern=&#8221;without_pattern&#8221;][vc_column][vc_empty_space height=&#8221;50px&#8221;][vc_row_inner row_type=&#8221;row&#8221; type=&#8221;grid&#8221; text_align=&#8221;left&#8221; css_animation=&#8221;&#8221;][vc_column_inner width=&#8221;1\/2&#8243;][vc_column_text]Sono Armando Caramaschi, da sempre appassionato di tiro al volo.<\/p>\n<p>&nbsp;<\/p>\n<p>In questo sport (che per me \u00e8 soprattutto uno stile di vita), <strong>il nostro primo avversario \u00e8 il piattello<\/strong>, e di conseguenza quello che noi sentiamo dentro e che viviamo dentro. Ogni piattello mancato \u00e8 una piccola ferita che brucia, una sconfitta. Cos\u00ec come ogni piattello colpito \u00e8 una vera goduria che ti fa ringraziare di essere l\u00ec col tuo fucile imbracciato, sulla pedana.<\/p>\n<p>&nbsp;<\/p>\n<p>Adoro quella sensazione di sicurezza, di essere padrone della scena, quando porti a termine una pedana di allenamento tra i 24 e i 25 piattelli. \u00c8 in quel preciso momento che sei carico e pronto per la gara.<\/p>\n<p>&nbsp;<\/p>\n<p>Un giorno, <strong>determinato a migliorare le prestazioni del mio fucile<\/strong> e a ridurre a zero dubbi e preoccupazioni durante l\u2019azione, <strong>ho avuto un\u2019intuizione da cui \u00e8 nata BridgeShoot, la gamma di bindelle universali adatte a ogni tipo di fucile da tiro. <\/strong>[\/vc_column_text][\/vc_column_inner][vc_column_inner width=&#8221;1\/2&#8243;][vc_single_image image=&#8221;15900&#8243; img_size=&#8221;full&#8221; qode_css_animation=&#8221;&#8221;][\/vc_column_inner][\/vc_row_inner][vc_empty_space height=&#8221;50px&#8221;][\/vc_column][\/vc_row][vc_row css_animation=&#8221;&#8221; row_type=&#8221;row&#8221; use_row_as_full_screen_section=&#8221;no&#8221; type=&#8221;grid&#8221; angled_section=&#8221;no&#8221; text_align=&#8221;left&#8221; background_image_as_pattern=&#8221;without_pattern&#8221; background_color=&#8221;#ffffff&#8221;][vc_column width=&#8221;1\/2&#8243;][vc_empty_space height=&#8221;50px&#8221;][vc_single_image image=&#8221;16011&#8243; img_size=&#8221;full&#8221; qode_css_animation=&#8221;&#8221;][vc_empty_space height=&#8221;50px&#8221;][\/vc_column][vc_column width=&#8221;1\/2&#8243;][vc_empty_space height=&#8221;50px&#8221;][vc_column_text]Dopo il primo prototipo, ho lavorato sodo per migliorare le bindelle da me ideate, raggiungendo un ottimo risultato: <strong>una bindella ultra resistente e ultra leggera<\/strong>, con l\u2019obiettivo di <strong>soddisfare tutte le esigenze di utilizzo<\/strong> sia dei tiratori pi\u00f9 esperti, sia dei neofiti.<\/p>\n<p>&nbsp;<\/p>\n<p>Perch\u00e9 non conta da quanto tempo pratichi il tiro al volo: quello che conta \u00e8 visualizzare l\u2019azione e il movimento <strong>per eliminare dubbi e preoccupazioni. <\/strong><\/p>\n<p>&nbsp;<\/p>\n<p>BridgeShoot, con cui <strong>assumi e mantieni una posizione naturale durante il tiro<\/strong>, ti permette di fare esattamente questo, raggiungendo <strong>una sicurezza e una concentrazione mai provate prima.<\/strong><\/p>\n<p>&nbsp;<\/p>\n<h3>Vuoi saperne di pi\u00f9 su come migliorare le prestazioni del tuo fucile?<\/h3>\n<p>&nbsp;<\/p>\n<p>Clicca sul pulsante per scaricare la <strong>Guida Gratuita sul Tiro al Volo e le bindelle<\/strong>.[\/vc_column_text][vc_empty_space height=&#8221;15px&#8221;]<a  itemprop=\"url\" href=\"\/guida-gratuita\/\" target=\"_self\" data-hover-background-color=#000000 data-hover-border-color=#000000  class=\"qbutton  default\" style=\"border-color: #ff0000; background-color: #ff0000;\">SCARICA ORA GRATIS<i class=\"qode_icon_font_awesome fa fa-download qode_button_icon_element\" style=\"\" ><\/i><\/a>[vc_empty_space height=&#8221;50px&#8221;][\/vc_column][\/vc_row][vc_row css_animation=&#8221;&#8221; row_type=&#8221;row&#8221; use_row_as_full_screen_section=&#8221;no&#8221; type=&#8221;grid&#8221; anchor=&#8221;portfolio&#8221; angled_section=&#8221;no&#8221; text_align=&#8221;left&#8221; background_image_as_pattern=&#8221;without_pattern&#8221; background_color=&#8221;#ffffff&#8221; padding_top=&#8221;0&#8243; padding_bottom=&#8221;0&#8243;][vc_column][vc_column_text]<\/p>\n<h2>Il nostro Team<\/h2>\n<p>[\/vc_column_text][vc_separator type=&#8221;transparent&#8221; up=&#8221;13&#8243; down=&#8221;0&#8243;][vc_column_text]<\/p>\n<h5>A tua disposizione tutta la nostra preparazione<\/h5>\n<p>[\/vc_column_text][vc_separator type=&#8221;transparent&#8221; up=&#8221;46&#8243; down=&#8221;0&#8243;][vc_row_inner row_type=&#8221;row&#8221; type=&#8221;full_width&#8221; text_align=&#8221;left&#8221; css_animation=&#8221;&#8221;][vc_column_inner width=&#8221;1\/2&#8243;][vc_single_image image=&#8221;16248&#8243; img_size=&#8221;full&#8221; qode_css_animation=&#8221;element_from_fade&#8221; transition_delay=&#8221;0.2&#8243;][vc_separator type=&#8221;transparent&#8221; up=&#8221;29&#8243; down=&#8221;0&#8243;][vc_column_text]<\/p>\n<h5>Ideatore di BridgeShoot<\/h5>\n<p>[\/vc_column_text][vc_separator type=&#8221;transparent&#8221; up=&#8221;4&#8243; down=&#8221;0&#8243;][vc_column_text]<\/p>\n<h2>Armando Caramaschi<\/h2>\n<p>[\/vc_column_text][vc_separator type=&#8221;transparent&#8221; up=&#8221;51&#8243; down=&#8221;0&#8243;][\/vc_column_inner][vc_column_inner width=&#8221;1\/2&#8243;][vc_single_image image=&#8221;16250&#8243; img_size=&#8221;full&#8221; qode_css_animation=&#8221;element_from_fade&#8221; transition_delay=&#8221;0.6&#8243;][vc_separator type=&#8221;transparent&#8221; up=&#8221;29&#8243; down=&#8221;0&#8243;][vc_column_text]<\/p>\n<h5>sales manager<\/h5>\n<p>[\/vc_column_text][vc_separator type=&#8221;transparent&#8221; up=&#8221;4&#8243; down=&#8221;0&#8243;][vc_column_text]<\/p>\n<h2>Alessandro Caramaschi<\/h2>\n<p>[\/vc_column_text][vc_separator type=&#8221;transparent&#8221; up=&#8221;51&#8243; down=&#8221;0&#8243;][\/vc_column_inner][\/vc_row_inner][\/vc_column][\/vc_row]<\/p>\n","protected":false},"excerpt":{"rendered":"<p>[vc_row css_animation=&#8221;&#8221; row_type=&#8221;row&#8221; use_row_as_full_screen_section=&#8221;no&#8221; type=&#8221;full_width&#8221; angled_section=&#8221;no&#8221; text_align=&#8221;left&#8221; background_image_as_pattern=&#8221;without_pattern&#8221;][vc_column][vc_empty_space height=&#8221;50px&#8221;][vc_column_text] BridgeShoot nasce dall\u2019intuizione di un appassionato di tiro al volo come te [\/vc_column_text][\/vc_column][\/vc_row][vc_row css_animation=&#8221;&#8221; row_type=&#8221;row&#8221; use_row_as_full_screen_section=&#8221;no&#8221; type=&#8221;full_width&#8221; angled_section=&#8221;no&#8221; text_align=&#8221;left&#8221; background_image_as_pattern=&#8221;without_pattern&#8221;][vc_column][vc_empty_space height=&#8221;50px&#8221;][vc_row_inner row_type=&#8221;row&#8221; type=&#8221;grid&#8221; text_align=&#8221;left&#8221; css_animation=&#8221;&#8221;][vc_column_inner width=&#8221;1\/2&#8243;][vc_column_text]Sono Armando Caramaschi, da sempre appassionato di tiro al volo. &nbsp;&#8230;<\/p>\n","protected":false},"author":1,"featured_media":0,"parent":0,"menu_order":0,"comment_status":"open","ping_status":"open","template":"full_width.php","meta":{"_monsterinsights_skip_tracking":false,"_monsterinsights_sitenote_active":false,"_monsterinsights_sitenote_note":"","_monsterinsights_sitenote_category":0},"yoast_head":"<!-- This site is optimized with the Yoast SEO plugin v21.8.1 - https:\/\/yoast.com\/wordpress\/plugins\/seo\/ -->\n<title>Produttori italiani bindelle per fucili da tiro | BridgeShoot<\/title>\n<meta name=\"description\" content=\"Produttori italiani bindelle per fucili da tiro:\u00a0BridgeShoot nasce dall\u2019intuizione di Armando Caramaschi, grande appassionato di tiro al volo. Scopri ora.\" \/>\n<meta name=\"robots\" content=\"index, follow, max-snippet:-1, max-image-preview:large, max-video-preview:-1\" \/>\n<link rel=\"canonical\" href=\"https:\/\/www.bridgeshoot.com\/it\/chi-siamo\/\" \/>\n<meta property=\"og:locale\" content=\"it_IT\" \/>\n<meta property=\"og:type\" content=\"article\" \/>\n<meta property=\"og:title\" content=\"Produttori italiani bindelle per fucili da tiro | BridgeShoot\" \/>\n<meta property=\"og:description\" content=\"Produttori italiani bindelle per fucili da tiro:\u00a0BridgeShoot nasce dall\u2019intuizione di Armando Caramaschi, grande appassionato di tiro al volo. Scopri ora.\" \/>\n<meta property=\"og:url\" content=\"https:\/\/www.bridgeshoot.com\/it\/chi-siamo\/\" \/>\n<meta property=\"og:site_name\" content=\"BridgeShoot\" \/>\n<meta property=\"article:modified_time\" content=\"2023-12-11T10:46:29+00:00\" \/>\n<meta name=\"twitter:card\" content=\"summary_large_image\" \/>\n<meta name=\"twitter:label1\" content=\"Tempo di lettura stimato\" \/>\n\t<meta name=\"twitter:data1\" content=\"3 minuti\" \/>\n<script type=\"application\/ld+json\" class=\"yoast-schema-graph\">{\"@context\":\"https:\/\/schema.org\",\"@graph\":[{\"@type\":\"WebPage\",\"@id\":\"https:\/\/www.bridgeshoot.com\/it\/chi-siamo\/\",\"url\":\"https:\/\/www.bridgeshoot.com\/it\/chi-siamo\/\",\"name\":\"Produttori italiani bindelle per fucili da tiro | BridgeShoot\",\"isPartOf\":{\"@id\":\"https:\/\/www.bridgeshoot.com\/#website\"},\"datePublished\":\"2014-07-03T13:52:05+00:00\",\"dateModified\":\"2023-12-11T10:46:29+00:00\",\"description\":\"Produttori italiani bindelle per fucili da tiro:\u00a0BridgeShoot nasce dall\u2019intuizione di Armando Caramaschi, grande appassionato di tiro al volo. Scopri ora.\",\"breadcrumb\":{\"@id\":\"https:\/\/www.bridgeshoot.com\/it\/chi-siamo\/#breadcrumb\"},\"inLanguage\":\"it-IT\",\"potentialAction\":[{\"@type\":\"ReadAction\",\"target\":[\"https:\/\/www.bridgeshoot.com\/it\/chi-siamo\/\"]}]},{\"@type\":\"BreadcrumbList\",\"@id\":\"https:\/\/www.bridgeshoot.com\/it\/chi-siamo\/#breadcrumb\",\"itemListElement\":[{\"@type\":\"ListItem\",\"position\":1,\"name\":\"Home\",\"item\":\"https:\/\/www.bridgeshoot.com\/it\/\"},{\"@type\":\"ListItem\",\"position\":2,\"name\":\"CHI SIAMO\"}]},{\"@type\":\"WebSite\",\"@id\":\"https:\/\/www.bridgeshoot.com\/#website\",\"url\":\"https:\/\/www.bridgeshoot.com\/\",\"name\":\"BridgeShoot\",\"description\":\"bridgeshoot\",\"potentialAction\":[{\"@type\":\"SearchAction\",\"target\":{\"@type\":\"EntryPoint\",\"urlTemplate\":\"https:\/\/www.bridgeshoot.com\/?s={search_term_string}\"},\"query-input\":\"required name=search_term_string\"}],\"inLanguage\":\"it-IT\"}]}<\/script>\n<!-- \/ Yoast SEO plugin. -->","yoast_head_json":{"title":"Produttori italiani bindelle per fucili da tiro | BridgeShoot","description":"Produttori italiani bindelle per fucili da tiro:\u00a0BridgeShoot nasce dall\u2019intuizione di Armando Caramaschi, grande appassionato di tiro al volo. Scopri ora.","robots":{"index":"index","follow":"follow","max-snippet":"max-snippet:-1","max-image-preview":"max-image-preview:large","max-video-preview":"max-video-preview:-1"},"canonical":"https:\/\/www.bridgeshoot.com\/it\/chi-siamo\/","og_locale":"it_IT","og_type":"article","og_title":"Produttori italiani bindelle per fucili da tiro | BridgeShoot","og_description":"Produttori italiani bindelle per fucili da tiro:\u00a0BridgeShoot nasce dall\u2019intuizione di Armando Caramaschi, grande appassionato di tiro al volo. Scopri ora.","og_url":"https:\/\/www.bridgeshoot.com\/it\/chi-siamo\/","og_site_name":"BridgeShoot","article_modified_time":"2023-12-11T10:46:29+00:00","twitter_card":"summary_large_image","twitter_misc":{"Tempo di lettura stimato":"3 minuti"},"schema":{"@context":"https:\/\/schema.org","@graph":[{"@type":"WebPage","@id":"https:\/\/www.bridgeshoot.com\/it\/chi-siamo\/","url":"https:\/\/www.bridgeshoot.com\/it\/chi-siamo\/","name":"Produttori italiani bindelle per fucili da tiro | BridgeShoot","isPartOf":{"@id":"https:\/\/www.bridgeshoot.com\/#website"},"datePublished":"2014-07-03T13:52:05+00:00","dateModified":"2023-12-11T10:46:29+00:00","description":"Produttori italiani bindelle per fucili da tiro:\u00a0BridgeShoot nasce dall\u2019intuizione di Armando Caramaschi, grande appassionato di tiro al volo. Scopri ora.","breadcrumb":{"@id":"https:\/\/www.bridgeshoot.com\/it\/chi-siamo\/#breadcrumb"},"inLanguage":"it-IT","potentialAction":[{"@type":"ReadAction","target":["https:\/\/www.bridgeshoot.com\/it\/chi-siamo\/"]}]},{"@type":"BreadcrumbList","@id":"https:\/\/www.bridgeshoot.com\/it\/chi-siamo\/#breadcrumb","itemListElement":[{"@type":"ListItem","position":1,"name":"Home","item":"https:\/\/www.bridgeshoot.com\/it\/"},{"@type":"ListItem","position":2,"name":"CHI SIAMO"}]},{"@type":"WebSite","@id":"https:\/\/www.bridgeshoot.com\/#website","url":"https:\/\/www.bridgeshoot.com\/","name":"BridgeShoot","description":"bridgeshoot","potentialAction":[{"@type":"SearchAction","target":{"@type":"EntryPoint","urlTemplate":"https:\/\/www.bridgeshoot.com\/?s={search_term_string}"},"query-input":"required name=search_term_string"}],"inLanguage":"it-IT"}]}},"_links":{"self":[{"href":"https:\/\/www.bridgeshoot.com\/it\/wp-json\/wp\/v2\/pages\/15444"}],"collection":[{"href":"https:\/\/www.bridgeshoot.com\/it\/wp-json\/wp\/v2\/pages"}],"about":[{"href":"https:\/\/www.bridgeshoot.com\/it\/wp-json\/wp\/v2\/types\/page"}],"author":[{"embeddable":true,"href":"https:\/\/www.bridgeshoot.com\/it\/wp-json\/wp\/v2\/users\/1"}],"replies":[{"embeddable":true,"href":"https:\/\/www.bridgeshoot.com\/it\/wp-json\/wp\/v2\/comments?post=15444"}],"version-history":[{"count":25,"href":"https:\/\/www.bridgeshoot.com\/it\/wp-json\/wp\/v2\/pages\/15444\/revisions"}],"predecessor-version":[{"id":23282,"href":"https:\/\/www.bridgeshoot.com\/it\/wp-json\/wp\/v2\/pages\/15444\/revisions\/23282"}],"wp:attachment":[{"href":"https:\/\/www.bridgeshoot.com\/it\/wp-json\/wp\/v2\/media?parent=15444"}],"curies":[{"name":"wp","href":"https:\/\/api.w.org\/{rel}","templated":true}]}}