{"id":14869,"date":"2014-05-20T07:51:11","date_gmt":"2014-05-20T07:51:11","guid":{"rendered":"http:\/\/demo.qodeinteractive.com\/bridge19\/?page_id=14869"},"modified":"2018-01-30T09:12:47","modified_gmt":"2018-01-30T07:12:47","slug":"home","status":"publish","type":"page","link":"https:\/\/www.bridgeshoot.com\/it\/","title":{"rendered":"Home"},"content":{"rendered":"<p>[vc_row css_animation=&#8221;&#8221; row_type=&#8221;row&#8221; use_row_as_full_screen_section=&#8221;no&#8221; type=&#8221;full_width&#8221; angled_section=&#8221;no&#8221; text_align=&#8221;left&#8221; background_image_as_pattern=&#8221;without_pattern&#8221;][vc_column][rev_slider_vc alias=&#8221;sports-hero2&#8243;][\/vc_column][\/vc_row][vc_row css_animation=&#8221;&#8221; row_type=&#8221;row&#8221; use_row_as_full_screen_section=&#8221;no&#8221; type=&#8221;grid&#8221; angled_section=&#8221;no&#8221; text_align=&#8221;left&#8221; background_image_as_pattern=&#8221;without_pattern&#8221; background_color=&#8221;#ffffff&#8221; padding_top=&#8221;42&#8243;][vc_column][vc_column_text]<\/p>\n<h2>BridgeShoot<\/h2>\n<p>[\/vc_column_text]<div class=\"custom_font_holder\" style=\"font-family: Lato; font-size: 64px; line-height: 67px; font-style: normal; font-weight: 900; text-decoration: none; text-align: left;\"><span style=\"color: #ff0000;\">Migliora<\/span><span style=\"color: #161616;\"> la posizione di mira.<br \/>\nRiduce al minimo il margine di errore.<\/span><\/div>[vc_separator type=&#8221;small&#8221; position=&#8221;left&#8221; up=&#8221;42&#8243; down=&#8221;42&#8243;][vc_separator type=&#8221;transparent&#8221; up=&#8221;19&#8243; down=&#8221;0&#8243;][\/vc_column][\/vc_row][vc_row css_animation=&#8221;&#8221; row_type=&#8221;row&#8221; use_row_as_full_screen_section=&#8221;no&#8221; type=&#8221;grid&#8221; angled_section=&#8221;no&#8221; text_align=&#8221;left&#8221; background_image_as_pattern=&#8221;without_pattern&#8221; background_color=&#8221;#ffffff&#8221; padding_top=&#8221;0&#8243;][vc_column width=&#8221;1\/3&#8243;][vc_single_image image=&#8221;17994&#8243; img_size=&#8221;full&#8221; alignment=&#8221;center&#8221; qode_css_animation=&#8221;&#8221;][vc_separator type=&#8221;transparent&#8221; up=&#8221;19&#8243; down=&#8221;0&#8243;][vc_column_text]<\/p>\n<h2>Per gli appassionati di tiro al volo<\/h2>\n<p>[\/vc_column_text][vc_separator type=&#8221;transparent&#8221; up=&#8221;12&#8243; down=&#8221;0&#8243;][vc_column_text]BridgeShoot \u00e8 la bindella ultraleggera e ultraresistente creata da un appassionato di tiro al volo per altri tiratori appassionati di Skeet, Trap, Double Trap e Fossa Olimpica.[\/vc_column_text][\/vc_column][vc_column width=&#8221;1\/3&#8243;][vc_single_image image=&#8221;17997&#8243; img_size=&#8221;full&#8221; alignment=&#8221;center&#8221; qode_css_animation=&#8221;&#8221;][vc_separator type=&#8221;transparent&#8221; up=&#8221;19&#8243; down=&#8221;0&#8243;][vc_column_text]<\/p>\n<h2>Aumenta il numero di piattelli colpiti<\/h2>\n<p>[\/vc_column_text][vc_separator type=&#8221;transparent&#8221; up=&#8221;12&#8243; down=&#8221;0&#8243;][vc_column_text]Con BridgeShoot ottieni un elevato standard di precisione e quindi di migliori da subito i risultati sul campo da tiro, riducendo al minimo insicurezze e ansia da prestazione.[\/vc_column_text][\/vc_column][vc_column width=&#8221;1\/3&#8243;][vc_single_image image=&#8221;15960&#8243; img_size=&#8221;full&#8221; alignment=&#8221;center&#8221; qode_css_animation=&#8221;&#8221;][vc_separator type=&#8221;transparent&#8221; up=&#8221;19&#8243; down=&#8221;0&#8243;][vc_column_text]<\/p>\n<h2>Concentrazione e posizione ottimali<\/h2>\n<p>[\/vc_column_text][vc_separator type=&#8221;transparent&#8221; up=&#8221;12&#8243; down=&#8221;0&#8243;][vc_column_text]La bindella BridgeShoot ti permette di prendere la mira in una posizione naturale che non affatica l\u2019occhio n\u00e9 i muscoli, quindi sei ancora pi\u00f9 pronto a centrare il bersaglio.[\/vc_column_text][\/vc_column][\/vc_row][vc_row css_animation=&#8221;&#8221; row_type=&#8221;row&#8221; use_row_as_full_screen_section=&#8221;no&#8221; type=&#8221;full_width&#8221; angled_section=&#8221;no&#8221; text_align=&#8221;left&#8221; background_image_as_pattern=&#8221;without_pattern&#8221;][vc_column][vc_separator type=&#8221;transparent&#8221; up=&#8221;80&#8243; down=&#8221;0&#8243;][\/vc_column][\/vc_row][vc_row css_animation=&#8221;&#8221; row_type=&#8221;row&#8221; use_row_as_full_screen_section=&#8221;no&#8221; type=&#8221;grid&#8221; angled_section=&#8221;no&#8221; text_align=&#8221;left&#8221; background_image_as_pattern=&#8221;without_pattern&#8221; css=&#8221;.vc_custom_1454507822020{background-color: #f2f2f2 !important;}&#8221;][vc_column width=&#8221;1\/2&#8243;][vc_separator type=&#8221;transparent&#8221; up=&#8221;51&#8243; down=&#8221;0&#8243;][vc_column_text]<\/p>\n<h1 style=\"text-align: left;\">Da Tiratore a Tiratore<\/h1>\n<p>[\/vc_column_text][vc_separator type=&#8221;transparent&#8221; up=&#8221;20&#8243; down=&#8221;0&#8243;][vc_column_text]BridgeShoot \u00e8 una bindella ideata da un tiratore al volo come te, che da anni pratica questo sport non aggressivo in cui il colpo d\u2019occhio e la concentrazione sono tutto. Un giorno, non volendo sostituire il suo amato fucile ma deciso a migliorarne le prestazioni, ebbe un\u2019intuizione e cre\u00f2 da s\u00e9 un prototipo di quella che poi, affinati i dettagli, \u00e8 diventata BridgeShoot, la bindella universale 100% made in Italy.<\/p>\n<p>&nbsp;<\/p>\n<p>Oggi BridgeShoot \u00e8 riconosciuta da tiratori sia esperti che neofiti come uno strumento irrinunciabile, che li aiuta a colpire il piattello con la massima precisione, riducendo al minimo il margine di errore.<\/p>\n<p>&nbsp;<\/p>\n<p>Per praticare il tiro al volo, ci vogliono determinazione, prontezza di riflessi e costanza a pacchi. Ma a volte non bastano. BridgeShoot aggiunge, a detta dei moltissimi tiratori che la utilizzano, quell\u2019ingrediente in pi\u00f9 per ottenere veri successi in pedana.[\/vc_column_text][vc_separator type=&#8221;transparent&#8221; up=&#8221;51&#8243; down=&#8221;0&#8243;][\/vc_column][vc_column width=&#8221;1\/2&#8243;][vc_separator type=&#8221;transparent&#8221; up=&#8221;51&#8243; down=&#8221;0&#8243;][vc_single_image image=&#8221;18111&#8243; img_size=&#8221;full&#8221; alignment=&#8221;center&#8221; qode_css_animation=&#8221;&#8221;][vc_separator type=&#8221;transparent&#8221; up=&#8221;51&#8243; down=&#8221;0&#8243;][\/vc_column][\/vc_row][vc_row css_animation=&#8221;&#8221; row_type=&#8221;row&#8221; use_row_as_full_screen_section=&#8221;no&#8221; type=&#8221;grid&#8221; angled_section=&#8221;no&#8221; text_align=&#8221;left&#8221; background_image_as_pattern=&#8221;without_pattern&#8221;][vc_column width=&#8221;1\/2&#8243;][vc_separator type=&#8221;transparent&#8221; up=&#8221;51&#8243; down=&#8221;0&#8243;][vc_single_image image=&#8221;16090&#8243; img_size=&#8221;full&#8221; alignment=&#8221;right&#8221; qode_css_animation=&#8221;&#8221;][vc_separator type=&#8221;transparent&#8221; up=&#8221;51&#8243; down=&#8221;0&#8243;][\/vc_column][vc_column width=&#8221;1\/2&#8243;][vc_separator type=&#8221;transparent&#8221; up=&#8221;51&#8243; down=&#8221;0&#8243;][vc_column_text]<\/p>\n<h2 style=\"text-align: left;\"><span style=\"color: #ff0000;\">Guida Gratuita<\/span>: come aumentare da subito il numero di piattelli colpiti<\/h2>\n<p>[\/vc_column_text][vc_separator type=&#8221;transparent&#8221; up=&#8221;20&#8243; down=&#8221;0&#8243;][vc_column_text]<\/p>\n<div>Scopri come \u00e8 nata la bindella che ti aiuta a eliminare dubbi e preoccupazioni in pedana. In questa GUIDA GRATUITA per tiratori al volo, parlo del sistema da me trovato e perfezionato per\u00a0colpire il piattello con la <b>massima precisione<\/b> e il minimo margine di errore.<\/div>\n<p>&nbsp;<\/p>\n<div><strong>Scarica la guida (\u00e8 gratis) e scopri come:<\/strong><\/div>\n<div>\n<p>&nbsp;<\/p>\n<ul>\n<li>ottenere un elevato standard di precisione<\/li>\n<li>migliorare da subito i risultati sul campo da tiro<\/li>\n<li>ridurre al minimo insicurezze e ansie da prestazione<\/li>\n<li>garantirti centri perfetti anche dopo il 20\u00b0 piattello<\/li>\n<li>utilizzare una bindella prestante, realizzata in un materiale resistente e ultraleggero<\/li>\n<li>vedere il piattello volare e saper di averlo rotto ancora prima di aver sparato il colpo<\/li>\n<\/ul>\n<\/div>\n<p>&nbsp;<\/p>\n<div>\n<p>\u2026 <strong>e tutto questo senza sostituire il tuo fidato fucile.<\/strong><\/p>\n<p>&nbsp;<\/p>\n<h3>INSERISCI I TUOI DATI PER RICEVERE SUBITO LA GUIDA GRATUITA:<\/h3>\n<\/div>\n<p>[\/vc_column_text][vc_separator type=&#8221;transparent&#8221; up=&#8221;51&#8243; down=&#8221;0&#8243;]\n<div class=\"wpcf7 no-js\" id=\"wpcf7-f16308-o1\" lang=\"it-IT\" dir=\"ltr\">\n<div class=\"screen-reader-response\"><p role=\"status\" aria-live=\"polite\" aria-atomic=\"true\"><\/p> <ul><\/ul><\/div>\n<form action=\"\/it\/wp-json\/wp\/v2\/pages\/14869#wpcf7-f16308-o1\" method=\"post\" class=\"wpcf7-form init default\" aria-label=\"Modulo di contatto\" novalidate=\"novalidate\" data-status=\"init\">\n<div style=\"display: none;\">\n<input type=\"hidden\" name=\"_wpcf7\" value=\"16308\" \/>\n<input type=\"hidden\" name=\"_wpcf7_version\" value=\"5.8.7\" \/>\n<input type=\"hidden\" name=\"_wpcf7_locale\" value=\"it_IT\" \/>\n<input type=\"hidden\" name=\"_wpcf7_unit_tag\" value=\"wpcf7-f16308-o1\" \/>\n<input type=\"hidden\" name=\"_wpcf7_container_post\" value=\"0\" \/>\n<input type=\"hidden\" name=\"_wpcf7_posted_data_hash\" value=\"\" \/>\n<input type=\"hidden\" name=\"_wpcf7_recaptcha_response\" value=\"\" \/>\n<\/div>\n<p>Il tuo nome (richiesto)\n<\/p>\n<p><span class=\"wpcf7-form-control-wrap\" data-name=\"nome\"><input size=\"40\" class=\"wpcf7-form-control wpcf7-text wpcf7-validates-as-required\" aria-required=\"true\" aria-invalid=\"false\" value=\"\" type=\"text\" name=\"nome\" \/><\/span>\n<\/p>\n<p>La tua email (richiesto)\n<\/p>\n<p><span class=\"wpcf7-form-control-wrap\" data-name=\"email\"><input size=\"40\" class=\"wpcf7-form-control wpcf7-email wpcf7-validates-as-required wpcf7-text wpcf7-validates-as-email\" aria-required=\"true\" aria-invalid=\"false\" value=\"\" type=\"email\" name=\"email\" \/><\/span>\n<\/p>\n<div style=\"float:left;padding-right:5px;margin-top:-4px;\">\n\t<p><span class=\"wpcf7-form-control-wrap\" data-name=\"acconsenti-privacy\"><span class=\"wpcf7-form-control wpcf7-acceptance\"><span class=\"wpcf7-list-item\"><input type=\"checkbox\" name=\"acconsenti-privacy\" value=\"1\" aria-invalid=\"false\" \/><\/span><\/span><\/span> *Acconsenti alla\n\t<\/p>\n<\/div>\n<div style=\"float:left;\">\n\t<p><a href=\"\/\/www.iubenda.com\/privacy-policy\/8086029\" class=\"iubenda-white iubenda-embed\" title=\"Privacy Policy\">Privacy Policy<\/a> e iscriviti alla newsletter<script type=\"text\/javascript\">(function (w,d) {var loader = function () {var s = d.createElement(\"script\"), tag = d.getElementsByTagName(\"script\")[0]; s.src = \"\/\/cdn.iubenda.com\/iubenda.js\"; tag.parentNode.insertBefore(s,tag);}; if(w.addEventListener){w.addEventListener(\"load\", loader, false);}else if(w.attachEvent){w.attachEvent(\"onload\", loader);}else{w.onload = loader;}})(window, document);<\/script>\n\t<\/p>\n<\/div>\n<p><input class=\"wpcf7-form-control wpcf7-submit has-spinner\" type=\"submit\" value=\"S\u00ec, voglio ricevere la Guida Gratuita\" \/>\n<\/p><div class=\"wpcf7-response-output\" aria-hidden=\"true\"><\/div>\n<\/form>\n<\/div>\n[vc_separator type=&#8221;transparent&#8221; up=&#8221;51&#8243; down=&#8221;0&#8243;][\/vc_column][\/vc_row][vc_row css_animation=&#8221;&#8221; row_type=&#8221;row&#8221; use_row_as_full_screen_section=&#8221;no&#8221; type=&#8221;full_width&#8221; angled_section=&#8221;no&#8221; text_align=&#8221;center&#8221; background_image=&#8221;18114&#8243; background_image_as_pattern=&#8221;without_pattern&#8221;][vc_column][vc_separator type=&#8221;transparent&#8221; up=&#8221;100&#8243; down=&#8221;0&#8243;]<div class=\"custom_font_holder\" style=\"font-family: Lato; font-size: 64px; line-height: 67px; font-style: normal; font-weight: 900; text-decoration: none; text-align: center;\"><span style=\"color: #ffffff;\">Vuoi migliorare subito le prestazioni del tuo fucile?<\/span><\/div>[vc_separator type=&#8221;transparent&#8221; up=&#8221;30&#8243; down=&#8221;0&#8243;][vc_column_text]<\/p>\n<h1 style=\"text-align: center;\"><span style=\"color: #ffffff;\">Scopri BridgeShoot, la bindella ultraleggera che ti permette di colpire il piattello con la massima precisione.<\/span><\/h1>\n<p>[\/vc_column_text][vc_separator type=&#8221;transparent&#8221; up=&#8221;50&#8243; down=&#8221;0&#8243;]<a  itemprop=\"url\" href=\"\/shop\/\" target=\"_self\"  class=\"qbutton  large default\" style=\"background-color: #dd3333;\">Scegli la ora bindella per il tuo fucile<\/a>[vc_separator type=&#8221;transparent&#8221; up=&#8221;100&#8243; down=&#8221;0&#8243;][\/vc_column][\/vc_row]<\/p>\n","protected":false},"excerpt":{"rendered":"<p>[vc_row css_animation=&#8221;&#8221; row_type=&#8221;row&#8221; use_row_as_full_screen_section=&#8221;no&#8221; type=&#8221;full_width&#8221; angled_section=&#8221;no&#8221; text_align=&#8221;left&#8221; background_image_as_pattern=&#8221;without_pattern&#8221;][vc_column][rev_slider_vc alias=&#8221;sports-hero2&#8243;][\/vc_column][\/vc_row][vc_row css_animation=&#8221;&#8221; row_type=&#8221;row&#8221; use_row_as_full_screen_section=&#8221;no&#8221; type=&#8221;grid&#8221; angled_section=&#8221;no&#8221; text_align=&#8221;left&#8221; background_image_as_pattern=&#8221;without_pattern&#8221; background_color=&#8221;#ffffff&#8221; padding_top=&#8221;42&#8243;][vc_column][vc_column_text] BridgeShoot [\/vc_column_text][vc_separator type=&#8221;small&#8221; position=&#8221;left&#8221; up=&#8221;42&#8243; down=&#8221;42&#8243;][vc_separator type=&#8221;transparent&#8221; up=&#8221;19&#8243; down=&#8221;0&#8243;][\/vc_column][\/vc_row][vc_row css_animation=&#8221;&#8221; row_type=&#8221;row&#8221; use_row_as_full_screen_section=&#8221;no&#8221; type=&#8221;grid&#8221; angled_section=&#8221;no&#8221; text_align=&#8221;left&#8221; background_image_as_pattern=&#8221;without_pattern&#8221; background_color=&#8221;#ffffff&#8221; padding_top=&#8221;0&#8243;][vc_column width=&#8221;1\/3&#8243;][vc_single_image image=&#8221;17994&#8243; img_size=&#8221;full&#8221; alignment=&#8221;center&#8221; qode_css_animation=&#8221;&#8221;][vc_separator type=&#8221;transparent&#8221; up=&#8221;19&#8243; down=&#8221;0&#8243;][vc_column_text] Per&#8230;<\/p>\n","protected":false},"author":1,"featured_media":0,"parent":0,"menu_order":0,"comment_status":"open","ping_status":"open","template":"full_width.php","meta":{"_monsterinsights_skip_tracking":false,"_monsterinsights_sitenote_active":false,"_monsterinsights_sitenote_note":"","_monsterinsights_sitenote_category":0},"yoast_head":"<!-- This site is optimized with the Yoast SEO plugin v21.8.1 - https:\/\/yoast.com\/wordpress\/plugins\/seo\/ -->\n<title>Bindelle per fucili da tiro al volo | BridgeShoot<\/title>\n<meta name=\"description\" content=\"Bindelle per fucili da tiro al volo: BridgeShoot \u00e8 la bindella universale adatta a qualsiasi fucile che migliora le tue prestazioni di tiro. Scopri ora.\" \/>\n<meta name=\"robots\" content=\"index, follow, max-snippet:-1, max-image-preview:large, max-video-preview:-1\" \/>\n<link rel=\"canonical\" href=\"https:\/\/www.bridgeshoot.com\/it\/\" \/>\n<meta property=\"og:locale\" content=\"it_IT\" \/>\n<meta property=\"og:type\" content=\"article\" \/>\n<meta property=\"og:title\" content=\"Bindelle per fucili da tiro al volo | BridgeShoot\" \/>\n<meta property=\"og:description\" content=\"Bindelle per fucili da tiro al volo: BridgeShoot \u00e8 la bindella universale adatta a qualsiasi fucile che migliora le tue prestazioni di tiro. Scopri ora.\" \/>\n<meta property=\"og:url\" content=\"https:\/\/www.bridgeshoot.com\/it\/\" \/>\n<meta property=\"og:site_name\" content=\"BridgeShoot\" \/>\n<meta property=\"article:modified_time\" content=\"2018-01-30T07:12:47+00:00\" \/>\n<meta name=\"twitter:card\" content=\"summary_large_image\" \/>\n<meta name=\"twitter:label1\" content=\"Tempo di lettura stimato\" \/>\n\t<meta name=\"twitter:data1\" content=\"5 minuti\" \/>\n<script type=\"application\/ld+json\" class=\"yoast-schema-graph\">{\"@context\":\"https:\/\/schema.org\",\"@graph\":[{\"@type\":\"WebPage\",\"@id\":\"https:\/\/www.bridgeshoot.com\/it\/\",\"url\":\"https:\/\/www.bridgeshoot.com\/it\/\",\"name\":\"Bindelle per fucili da tiro al volo | BridgeShoot\",\"isPartOf\":{\"@id\":\"https:\/\/www.bridgeshoot.com\/#website\"},\"datePublished\":\"2014-05-20T07:51:11+00:00\",\"dateModified\":\"2018-01-30T07:12:47+00:00\",\"description\":\"Bindelle per fucili da tiro al volo: BridgeShoot \u00e8 la bindella universale adatta a qualsiasi fucile che migliora le tue prestazioni di tiro. Scopri ora.\",\"breadcrumb\":{\"@id\":\"https:\/\/www.bridgeshoot.com\/it\/#breadcrumb\"},\"inLanguage\":\"it-IT\",\"potentialAction\":[{\"@type\":\"ReadAction\",\"target\":[\"https:\/\/www.bridgeshoot.com\/it\/\"]}]},{\"@type\":\"BreadcrumbList\",\"@id\":\"https:\/\/www.bridgeshoot.com\/it\/#breadcrumb\",\"itemListElement\":[{\"@type\":\"ListItem\",\"position\":1,\"name\":\"Home\",\"item\":\"https:\/\/www.bridgeshoot.com\/it\/\"},{\"@type\":\"ListItem\",\"position\":2,\"name\":\"Home\"}]},{\"@type\":\"WebSite\",\"@id\":\"https:\/\/www.bridgeshoot.com\/#website\",\"url\":\"https:\/\/www.bridgeshoot.com\/\",\"name\":\"BridgeShoot\",\"description\":\"bridgeshoot\",\"potentialAction\":[{\"@type\":\"SearchAction\",\"target\":{\"@type\":\"EntryPoint\",\"urlTemplate\":\"https:\/\/www.bridgeshoot.com\/?s={search_term_string}\"},\"query-input\":\"required name=search_term_string\"}],\"inLanguage\":\"it-IT\"}]}<\/script>\n<!-- \/ Yoast SEO plugin. -->","yoast_head_json":{"title":"Bindelle per fucili da tiro al volo | BridgeShoot","description":"Bindelle per fucili da tiro al volo: BridgeShoot \u00e8 la bindella universale adatta a qualsiasi fucile che migliora le tue prestazioni di tiro. Scopri ora.","robots":{"index":"index","follow":"follow","max-snippet":"max-snippet:-1","max-image-preview":"max-image-preview:large","max-video-preview":"max-video-preview:-1"},"canonical":"https:\/\/www.bridgeshoot.com\/it\/","og_locale":"it_IT","og_type":"article","og_title":"Bindelle per fucili da tiro al volo | BridgeShoot","og_description":"Bindelle per fucili da tiro al volo: BridgeShoot \u00e8 la bindella universale adatta a qualsiasi fucile che migliora le tue prestazioni di tiro. Scopri ora.","og_url":"https:\/\/www.bridgeshoot.com\/it\/","og_site_name":"BridgeShoot","article_modified_time":"2018-01-30T07:12:47+00:00","twitter_card":"summary_large_image","twitter_misc":{"Tempo di lettura stimato":"5 minuti"},"schema":{"@context":"https:\/\/schema.org","@graph":[{"@type":"WebPage","@id":"https:\/\/www.bridgeshoot.com\/it\/","url":"https:\/\/www.bridgeshoot.com\/it\/","name":"Bindelle per fucili da tiro al volo | BridgeShoot","isPartOf":{"@id":"https:\/\/www.bridgeshoot.com\/#website"},"datePublished":"2014-05-20T07:51:11+00:00","dateModified":"2018-01-30T07:12:47+00:00","description":"Bindelle per fucili da tiro al volo: BridgeShoot \u00e8 la bindella universale adatta a qualsiasi fucile che migliora le tue prestazioni di tiro. Scopri ora.","breadcrumb":{"@id":"https:\/\/www.bridgeshoot.com\/it\/#breadcrumb"},"inLanguage":"it-IT","potentialAction":[{"@type":"ReadAction","target":["https:\/\/www.bridgeshoot.com\/it\/"]}]},{"@type":"BreadcrumbList","@id":"https:\/\/www.bridgeshoot.com\/it\/#breadcrumb","itemListElement":[{"@type":"ListItem","position":1,"name":"Home","item":"https:\/\/www.bridgeshoot.com\/it\/"},{"@type":"ListItem","position":2,"name":"Home"}]},{"@type":"WebSite","@id":"https:\/\/www.bridgeshoot.com\/#website","url":"https:\/\/www.bridgeshoot.com\/","name":"BridgeShoot","description":"bridgeshoot","potentialAction":[{"@type":"SearchAction","target":{"@type":"EntryPoint","urlTemplate":"https:\/\/www.bridgeshoot.com\/?s={search_term_string}"},"query-input":"required name=search_term_string"}],"inLanguage":"it-IT"}]}},"_links":{"self":[{"href":"https:\/\/www.bridgeshoot.com\/it\/wp-json\/wp\/v2\/pages\/14869"}],"collection":[{"href":"https:\/\/www.bridgeshoot.com\/it\/wp-json\/wp\/v2\/pages"}],"about":[{"href":"https:\/\/www.bridgeshoot.com\/it\/wp-json\/wp\/v2\/types\/page"}],"author":[{"embeddable":true,"href":"https:\/\/www.bridgeshoot.com\/it\/wp-json\/wp\/v2\/users\/1"}],"replies":[{"embeddable":true,"href":"https:\/\/www.bridgeshoot.com\/it\/wp-json\/wp\/v2\/comments?post=14869"}],"version-history":[{"count":63,"href":"https:\/\/www.bridgeshoot.com\/it\/wp-json\/wp\/v2\/pages\/14869\/revisions"}],"predecessor-version":[{"id":18116,"href":"https:\/\/www.bridgeshoot.com\/it\/wp-json\/wp\/v2\/pages\/14869\/revisions\/18116"}],"wp:attachment":[{"href":"https:\/\/www.bridgeshoot.com\/it\/wp-json\/wp\/v2\/media?parent=14869"}],"curies":[{"name":"wp","href":"https:\/\/api.w.org\/{rel}","templated":true}]}}